{"id":561,"date":"2016-04-20T21:38:14","date_gmt":"2016-04-20T19:38:14","guid":{"rendered":"http:\/\/clients.saller-digitalperformance.at\/lokoma\/en\/?page_id=561"},"modified":"2025-12-22T09:20:13","modified_gmt":"2025-12-22T08:20:13","slug":"consulting","status":"publish","type":"page","link":"https:\/\/www.lokoma.de\/en\/consulting\/","title":{"rendered":"Consulting"},"content":{"rendered":"<p>[vc_row][vc_column][vc_text_separator title=&#8221;Lokoma &#8211; sales &amp; technical advice&#8221; title_align=&#8221;separator_align_left&#8221;][\/vc_column][\/vc_row][vc_row el_class=&#8221;lokoma-consulting&#8221;][vc_column width=&#8221;1\/3&#8243;][vc_column_text css_animation=&#8221;top-to-bottom&#8221;]<strong>Michael Stegmair<\/strong><br \/>\nLokomastra\u00dfe 1,<br \/>\nD-89420 H\u00f6chst\u00e4dt<br \/>\n+49 (0) 9074 &#8211; 9507-27<br \/>\n<a href=\"mailto:michael.stegmair@lokoma.de\">Send email<\/a>[\/vc_column_text][\/vc_column][vc_column width=&#8221;1\/3&#8243;][vc_column_text css_animation=&#8221;top-to-bottom&#8221;]<strong>Sabine Weinmann<\/strong><br \/>\nLokomastra\u00dfe 1,<br \/>\nD-89420 H\u00f6chst\u00e4dt<br \/>\n+49 (0) 9074 &#8211; 9507-24<br \/>\n<a href=\"mailto:sabine.weinmann@lokoma.de\">Send email<\/a>[\/vc_column_text][\/vc_column][vc_column width=&#8221;1\/3&#8243;][vc_column_text css_animation=&#8221;top-to-bottom&#8221; css=&#8221;&#8221;]<strong>Lorenz Kollmann GmbH<\/strong><br \/>\nLokomastra\u00dfe 1,<br \/>\nD-89420 H\u00f6chst\u00e4dt<br \/>\n+49 (0) 9074 &#8211; 9507-0<br \/>\n<a href=\"mailto:info@lokoma.de\">E-Mail senden<\/a>[\/vc_column_text][\/vc_column][\/vc_row][vc_row][vc_column][vc_text_separator title=&#8221;Lokoma &#8211; customer engineering in Germany&#8221; title_align=&#8221;separator_align_left&#8221;][\/vc_column][\/vc_row][vc_row el_class=&#8221;lokoma-consulting&#8221;][vc_column width=&#8221;1\/3&#8243;][vc_column_text css_animation=&#8221;top-to-bottom&#8221;]<\/p>\n<h4>Germany:<\/h4>\n<p><strong>J\u00fcrgen Loch<\/strong><br \/>\nLokomastra\u00dfe 1,<br \/>\nD-89420 H\u00f6chst\u00e4dt<br \/>\n+49 (0) 9074 &#8211; 9507-21<br \/>\n+49 (0) 0160 &#8211; 952 88 296<br \/>\n<a href=\"mailto:juergen.loch@lokoma.de\">Send email<\/a>[\/vc_column_text][\/vc_column][vc_column width=&#8221;1\/3&#8243;][vc_column_text css_animation=&#8221;top-to-bottom&#8221;]<\/p>\n<h4>International:<\/h4>\n<p><strong>Lorenz Kollmann GmbH<\/strong><br \/>\nLokomastra\u00dfe 1,<br \/>\nD-89420 H\u00f6chst\u00e4dt<br \/>\n+49 (0) 9074 &#8211; 9507-0<br \/>\n<a href=\"mailto:info@lokoma.de\">Send email<\/a>[\/vc_column_text][\/vc_column][\/vc_row]<\/p>\n","protected":false},"excerpt":{"rendered":"<p>[vc_row][vc_column][vc_text_separator title=&#8221;Lokoma &#8211; sales &amp; technical advice&#8221; title_align=&#8221;separator_align_left&#8221;][\/vc_column][\/vc_row][vc_row el_class=&#8221;lokoma-consulting&#8221;][vc_column width=&#8221;1\/3&#8243;][vc_column_text css_animation=&#8221;top-to-bottom&#8221;]Michael Stegmair Lokomastra\u00dfe 1, D-89420 H\u00f6chst\u00e4dt +49 (0) 9074 &#8211; 9507-27 Send email[\/vc_column_text][\/vc_column][vc_column width=&#8221;1\/3&#8243;][vc_column_text css_animation=&#8221;top-to-bottom&#8221;]Sabine Weinmann Lokomastra\u00dfe 1, D-89420 H\u00f6chst\u00e4dt +49 (0) 9074 &#8211; 9507-24 Send email[\/vc_column_text][\/vc_column][vc_column width=&#8221;1\/3&#8243;][vc_column_text css_animation=&#8221;top-to-bottom&#8221; css=&#8221;&#8221;]Lorenz Kollmann GmbH Lokomastra\u00dfe 1, D-89420 H\u00f6chst\u00e4dt +49 (0) 9074 &#8211; 9507-0 E-Mail senden[\/vc_column_text][\/vc_column][\/vc_row][vc_row][vc_column][vc_text_separator title=&#8221;Lokoma &#8211;&#8230;<\/p>\n","protected":false},"author":1,"featured_media":0,"parent":0,"menu_order":0,"comment_status":"closed","ping_status":"closed","template":"","meta":{"footnotes":""},"class_list":["post-561","page","type-page","status-publish","hentry"],"_links":{"self":[{"href":"https:\/\/www.lokoma.de\/en\/wp-json\/wp\/v2\/pages\/561","targetHints":{"allow":["GET"]}}],"collection":[{"href":"https:\/\/www.lokoma.de\/en\/wp-json\/wp\/v2\/pages"}],"about":[{"href":"https:\/\/www.lokoma.de\/en\/wp-json\/wp\/v2\/types\/page"}],"author":[{"embeddable":true,"href":"https:\/\/www.lokoma.de\/en\/wp-json\/wp\/v2\/users\/1"}],"replies":[{"embeddable":true,"href":"https:\/\/www.lokoma.de\/en\/wp-json\/wp\/v2\/comments?post=561"}],"version-history":[{"count":18,"href":"https:\/\/www.lokoma.de\/en\/wp-json\/wp\/v2\/pages\/561\/revisions"}],"predecessor-version":[{"id":1623,"href":"https:\/\/www.lokoma.de\/en\/wp-json\/wp\/v2\/pages\/561\/revisions\/1623"}],"wp:attachment":[{"href":"https:\/\/www.lokoma.de\/en\/wp-json\/wp\/v2\/media?parent=561"}],"curies":[{"name":"wp","href":"https:\/\/api.w.org\/{rel}","templated":true}]}}