{"id":567,"date":"2016-04-20T21:43:23","date_gmt":"2016-04-20T19:43:23","guid":{"rendered":"http:\/\/clients.saller-digitalperformance.at\/lokoma\/en\/?page_id=567"},"modified":"2025-03-25T14:01:44","modified_gmt":"2025-03-25T13:01:44","slug":"contact","status":"publish","type":"page","link":"https:\/\/www.lokoma.de\/en\/contact\/","title":{"rendered":"Contact"},"content":{"rendered":"<p>[vc_row][vc_column width=&#8221;1\/2&#8243;][vc_column_text]<strong>LOKOMA, Lorenz Kollmann GmbH<\/strong><br \/>\nLokomastra\u00dfe 1<br \/>\nD-89420 H\u00f6chst\u00e4dt<\/p>\n<p>Business hours<br \/>\nMonday to Thursday: 7:00 to 16:00<br \/>\nFriday: 7:00 to 14:45<\/p>\n<p>Central<br \/>\nTel.: <a href=\"tel:+49907495070\">+49 (0) 9074 &#8211; 9507-0<\/a><br \/>\nEmail: <a href=\"mailto:info@lokoma.de\">info@lokoma.de<\/a><\/p>\n<div id=\"gtx-trans\" style=\"position: absolute; left: -61px; top: 262px;\">\n<div class=\"gtx-trans-icon\"><\/div>\n<\/div>\n<p>[\/vc_column_text][\/vc_column][vc_column width=&#8221;1\/2&#8243;][vc_column_text]<\/p>\n<div class=\"lokoma-map\"><iframe loading=\"lazy\" style=\"border: 0;\" src=\"https:\/\/www.google.com\/maps\/embed?pb=!1m18!1m12!1m3!1d2637.420426997417!2d10.561454716144485!3d48.62093627926493!2m3!1f0!2f0!3f0!3m2!1i1024!2i768!4f13.1!3m3!1m2!1s0x479934b95b9999b9%3A0x1d09b809b1efe9ce!2sLokomastra%C3%9Fe+1%2C+89420+H%C3%B6chst%C3%A4dt%2C+Deutschland!5e0!3m2!1sde!2sus!4v1460218212528\" width=\"300\" height=\"150\" frameborder=\"0\" allowfullscreen=\"allowfullscreen\"><\/iframe><\/div>\n<p>[\/vc_column_text][\/vc_column][\/vc_row][vc_row][vc_column]\n<div class=\"wpcf7 no-js\" id=\"wpcf7-f596-o1\" lang=\"de-DE\" dir=\"ltr\" data-wpcf7-id=\"596\">\n<div class=\"screen-reader-response\"><p role=\"status\" aria-live=\"polite\" aria-atomic=\"true\"><\/p> <ul><\/ul><\/div>\n<form action=\"\/en\/wp-json\/wp\/v2\/pages\/567#wpcf7-f596-o1\" method=\"post\" class=\"wpcf7-form init\" aria-label=\"Kontaktformular\" novalidate=\"novalidate\" data-status=\"init\">\n<div style=\"display: none;\">\n<input type=\"hidden\" name=\"_wpcf7\" value=\"596\" \/>\n<input type=\"hidden\" name=\"_wpcf7_version\" value=\"6.0.6\" \/>\n<input type=\"hidden\" name=\"_wpcf7_locale\" value=\"de_DE\" \/>\n<input type=\"hidden\" name=\"_wpcf7_unit_tag\" value=\"wpcf7-f596-o1\" \/>\n<input type=\"hidden\" name=\"_wpcf7_container_post\" value=\"0\" \/>\n<input type=\"hidden\" name=\"_wpcf7_posted_data_hash\" value=\"\" \/>\n<\/div>\n<div id=\"contact-form\">\n\t<h3>Your contact details\n\t<\/h3>\n\t<div>\n\t\t<p><span class=\"wpcf7-form-control-wrap\" data-name=\"firstname\"><input size=\"40\" maxlength=\"400\" class=\"wpcf7-form-control wpcf7-text wpcf7-validates-as-required\" aria-required=\"true\" aria-invalid=\"false\" placeholder=\"Firstname *\" value=\"\" type=\"text\" name=\"firstname\" \/><\/span><br \/>\n<span class=\"wpcf7-form-control-wrap\" data-name=\"lastname\"><input size=\"40\" maxlength=\"400\" class=\"wpcf7-form-control wpcf7-text wpcf7-validates-as-required\" aria-required=\"true\" aria-invalid=\"false\" placeholder=\"Lastname *\" value=\"\" type=\"text\" name=\"lastname\" \/><\/span><br \/>\n<span class=\"wpcf7-form-control-wrap\" data-name=\"company\"><input size=\"40\" maxlength=\"400\" class=\"wpcf7-form-control wpcf7-text\" aria-invalid=\"false\" placeholder=\"Company\" value=\"\" type=\"text\" name=\"company\" \/><\/span><br \/>\n<span class=\"wpcf7-form-control-wrap\" data-name=\"departement\"><input size=\"40\" maxlength=\"400\" class=\"wpcf7-form-control wpcf7-text\" aria-invalid=\"false\" placeholder=\"Departement\" value=\"\" type=\"text\" name=\"departement\" \/><\/span><br \/>\n<span class=\"wpcf7-form-control-wrap\" data-name=\"street\"><input size=\"40\" maxlength=\"400\" class=\"wpcf7-form-control wpcf7-text\" aria-invalid=\"false\" placeholder=\"Street\" value=\"\" type=\"text\" name=\"street\" \/><\/span><br \/>\n<span class=\"wpcf7-form-control-wrap\" data-name=\"zip\"><input size=\"40\" maxlength=\"400\" class=\"wpcf7-form-control wpcf7-text\" aria-invalid=\"false\" placeholder=\"ZIP\" value=\"\" type=\"text\" name=\"zip\" \/><\/span><br \/>\n<span class=\"wpcf7-form-control-wrap\" data-name=\"city\"><input size=\"40\" maxlength=\"400\" class=\"wpcf7-form-control wpcf7-text\" aria-invalid=\"false\" placeholder=\"City\" value=\"\" type=\"text\" name=\"city\" \/><\/span><br \/>\n<span class=\"wpcf7-form-control-wrap\" data-name=\"country\"><input size=\"40\" maxlength=\"400\" class=\"wpcf7-form-control wpcf7-text\" aria-invalid=\"false\" placeholder=\"Country\" value=\"\" type=\"text\" name=\"country\" \/><\/span><br \/>\n<span class=\"wpcf7-form-control-wrap\" data-name=\"phone\"><input size=\"40\" maxlength=\"400\" class=\"wpcf7-form-control wpcf7-text\" aria-invalid=\"false\" placeholder=\"Phone number\" value=\"\" type=\"text\" name=\"phone\" \/><\/span><br \/>\n<span class=\"wpcf7-form-control-wrap\" data-name=\"email\"><input size=\"40\" maxlength=\"400\" class=\"wpcf7-form-control wpcf7-email wpcf7-validates-as-required wpcf7-text wpcf7-validates-as-email\" aria-required=\"true\" aria-invalid=\"false\" placeholder=\"Email address *\" value=\"\" type=\"email\" name=\"email\" \/><\/span>\n\t\t<\/p>\n\t<\/div>\n\t<h3>What can we do for you?\n\t<\/h3>\n\t<div>\n\t\t<p><span class=\"wpcf7-form-control-wrap\" data-name=\"reason\"><span class=\"wpcf7-form-control wpcf7-radio\"><span class=\"wpcf7-list-item first\"><label><input type=\"radio\" name=\"reason\" value=\"Send info material\" checked=\"checked\" \/><span class=\"wpcf7-list-item-label\">Send info material<\/span><\/label><\/span><span class=\"wpcf7-list-item\"><label><input type=\"radio\" name=\"reason\" value=\"Requested recall\" \/><span class=\"wpcf7-list-item-label\">Requested recall<\/span><\/label><\/span><span class=\"wpcf7-list-item last\"><label><input type=\"radio\" name=\"reason\" value=\"Site visit\" \/><span class=\"wpcf7-list-item-label\">Site visit<\/span><\/label><\/span><\/span><\/span><br \/>\n<span class=\"wpcf7-form-control-wrap\" data-name=\"message\"><textarea cols=\"40\" rows=\"10\" maxlength=\"2000\" class=\"wpcf7-form-control wpcf7-textarea\" aria-invalid=\"false\" placeholder=\"Your comment\" name=\"message\"><\/textarea><\/span>\n\t\t<\/p>\n\t\t<p><span class=\"wpcf7-form-control-wrap\" data-name=\"priv\"><span class=\"wpcf7-form-control wpcf7-checkbox wpcf7-validates-as-required\"><span class=\"wpcf7-list-item first last\"><input type=\"checkbox\" name=\"priv[]\" value=\"I agree that my data will be processed and stored according to the EU GDPR (EU General Data Protection Regulation).\" \/><span class=\"wpcf7-list-item-label\">I agree that my data will be processed and stored according to the EU GDPR (EU General Data Protection Regulation).<\/span><\/span><\/span><\/span><br \/>\nMore information under <a href=\"\/en\/disclaimer\/\">Privacy<\/a>\n\t\t<\/p>\n\t\t<p><input class=\"wpcf7-form-control wpcf7-submit has-spinner\" type=\"submit\" value=\"Send inquiry\" \/>\n\t\t<\/p>\n\t<\/div>\n<\/div><div class=\"wpcf7-response-output\" aria-hidden=\"true\"><\/div>\n<\/form>\n<\/div>\n[\/vc_column][\/vc_row]<\/p>\n","protected":false},"excerpt":{"rendered":"<p>[vc_row][vc_column width=&#8221;1\/2&#8243;][vc_column_text]LOKOMA, Lorenz Kollmann GmbH Lokomastra\u00dfe 1 D-89420 H\u00f6chst\u00e4dt Business hours Monday to Thursday: 7:00 to 16:00 Friday: 7:00 to 14:45 Central Tel.: +49 (0) 9074 &#8211; 9507-0 Email: info@lokoma.de [\/vc_column_text][\/vc_column][vc_column width=&#8221;1\/2&#8243;][vc_column_text] [\/vc_column_text][\/vc_column][\/vc_row][vc_row][vc_column][\/vc_column][\/vc_row]<\/p>\n","protected":false},"author":1,"featured_media":0,"parent":0,"menu_order":0,"comment_status":"closed","ping_status":"closed","template":"","meta":{"footnotes":""},"class_list":["post-567","page","type-page","status-publish","hentry"],"_links":{"self":[{"href":"https:\/\/www.lokoma.de\/en\/wp-json\/wp\/v2\/pages\/567","targetHints":{"allow":["GET"]}}],"collection":[{"href":"https:\/\/www.lokoma.de\/en\/wp-json\/wp\/v2\/pages"}],"about":[{"href":"https:\/\/www.lokoma.de\/en\/wp-json\/wp\/v2\/types\/page"}],"author":[{"embeddable":true,"href":"https:\/\/www.lokoma.de\/en\/wp-json\/wp\/v2\/users\/1"}],"replies":[{"embeddable":true,"href":"https:\/\/www.lokoma.de\/en\/wp-json\/wp\/v2\/comments?post=567"}],"version-history":[{"count":5,"href":"https:\/\/www.lokoma.de\/en\/wp-json\/wp\/v2\/pages\/567\/revisions"}],"predecessor-version":[{"id":1585,"href":"https:\/\/www.lokoma.de\/en\/wp-json\/wp\/v2\/pages\/567\/revisions\/1585"}],"wp:attachment":[{"href":"https:\/\/www.lokoma.de\/en\/wp-json\/wp\/v2\/media?parent=567"}],"curies":[{"name":"wp","href":"https:\/\/api.w.org\/{rel}","templated":true}]}}