{"id":577,"date":"2016-05-19T10:39:00","date_gmt":"2016-05-19T08:39:00","guid":{"rendered":"http:\/\/clients.saller-digitalperformance.at\/lokoma\/en\/?page_id=577"},"modified":"2025-03-25T14:01:19","modified_gmt":"2025-03-25T13:01:19","slug":"imprint","status":"publish","type":"page","link":"https:\/\/www.lokoma.de\/en\/imprint\/","title":{"rendered":"Imprint"},"content":{"rendered":"<p>[vc_row][vc_column][vc_column_text]<em><strong>LOKOMA &#8211; Lorenz Kollmann GmbH<\/strong><\/em><\/p>\n<p><strong>Address<\/strong><\/p>\n<p>LOKOMA, Lorenz Kollmann GmbH<br \/>\nLokomastra\u00dfe 1<br \/>\nD-89420 H\u00f6chst\u00e4dt an der Donau<\/p>\n<p>Tel.: +49 (0) 9074 &#8211; 9507-0<br \/>\nEmail: <a href=\"mailto:info@lokoma.de\">info@lokoma.de<\/a><\/p>\n<p>CEO:<br \/>\nAlexander Kollmann<\/p>\n<p>Augsburg HRB 5132<br \/>\nUSt.Id.Nr.: 811 277 838<\/p>\n<p><strong>Liability note<br \/>\n<\/strong><br \/>\nDespite careful control we assume no liability for the content of external links. For the content of the linked pages are solely their operators responsible.<\/p>\n<p><strong>Copyright<\/strong><\/p>\n<p>My gallery is Copyright \u00a9 2015 (Lokoma GmbH) All rights reserved. My work may not be copied, edited, published, uploaded or reproduced in any way without my written permission.<\/p>\n<div id=\"gtx-trans\" style=\"position: absolute; left: -35px; top: 230px;\">\n<div class=\"gtx-trans-icon\"><\/div>\n<\/div>\n<p>[\/vc_column_text][\/vc_column][\/vc_row]<\/p>\n","protected":false},"excerpt":{"rendered":"<p>[vc_row][vc_column][vc_column_text]LOKOMA &#8211; Lorenz Kollmann GmbH Address LOKOMA, Lorenz Kollmann GmbH Lokomastra\u00dfe 1 D-89420 H\u00f6chst\u00e4dt an der Donau Tel.: +49 (0) 9074 &#8211; 9507-0 Email: info@lokoma.de CEO: Alexander Kollmann Augsburg HRB 5132 USt.Id.Nr.: 811 277 838 Liability note Despite careful control we assume no liability for the content of external links. For the content of the&#8230;<\/p>\n","protected":false},"author":1,"featured_media":0,"parent":0,"menu_order":0,"comment_status":"closed","ping_status":"closed","template":"","meta":{"footnotes":""},"class_list":["post-577","page","type-page","status-publish","hentry"],"_links":{"self":[{"href":"https:\/\/www.lokoma.de\/en\/wp-json\/wp\/v2\/pages\/577","targetHints":{"allow":["GET"]}}],"collection":[{"href":"https:\/\/www.lokoma.de\/en\/wp-json\/wp\/v2\/pages"}],"about":[{"href":"https:\/\/www.lokoma.de\/en\/wp-json\/wp\/v2\/types\/page"}],"author":[{"embeddable":true,"href":"https:\/\/www.lokoma.de\/en\/wp-json\/wp\/v2\/users\/1"}],"replies":[{"embeddable":true,"href":"https:\/\/www.lokoma.de\/en\/wp-json\/wp\/v2\/comments?post=577"}],"version-history":[{"count":5,"href":"https:\/\/www.lokoma.de\/en\/wp-json\/wp\/v2\/pages\/577\/revisions"}],"predecessor-version":[{"id":1584,"href":"https:\/\/www.lokoma.de\/en\/wp-json\/wp\/v2\/pages\/577\/revisions\/1584"}],"wp:attachment":[{"href":"https:\/\/www.lokoma.de\/en\/wp-json\/wp\/v2\/media?parent=577"}],"curies":[{"name":"wp","href":"https:\/\/api.w.org\/{rel}","templated":true}]}}